{"id":524,"date":"2025-01-23T15:02:22","date_gmt":"2025-01-23T15:02:22","guid":{"rendered":"https:\/\/trsnica-vrhpolje.com\/?page_id=524"},"modified":"2025-05-08T14:11:05","modified_gmt":"2025-05-08T14:11:05","slug":"pravno-obvestilo","status":"publish","type":"page","link":"https:\/\/trsnica-vrhpolje.com\/en\/pravno-obvestilo\/","title":{"rendered":"Legal notice"},"content":{"rendered":"<p>[et_pb_section fb_built=&#8221;1&#8243; _builder_version=&#8221;4.27.4&#8243; _module_preset=&#8221;default&#8221; custom_margin=&#8221;100px||||false|false&#8221; custom_padding=&#8221;9px||96px|||&#8221; global_colors_info=&#8221;{}&#8221;][et_pb_row _builder_version=&#8221;4.27.4&#8243; _module_preset=&#8221;default&#8221; global_colors_info=&#8221;{}&#8221;][et_pb_column type=&#8221;4_4&#8243; _builder_version=&#8221;4.27.4&#8243; _module_preset=&#8221;default&#8221; global_colors_info=&#8221;{}&#8221;][et_pb_text _builder_version=&#8221;4.27.4&#8243; _module_preset=&#8221;default&#8221; text_font=&#8221;Open Sans||||||||&#8221; header_font=&#8221;Open Sans|700|||||||&#8221; header_font_size=&#8221;36px&#8221; header_2_font=&#8221;Open Sans|700|||||||&#8221; hover_enabled=&#8221;0&#8243; global_colors_info=&#8221;{}&#8221; sticky_enabled=&#8221;0&#8243;]<\/p>\n<section class=\"bs4-col-12 bs4-offset-lg-1 bs4-col-lg-10\">\n<div class=\"node-title\">\n<div class=\"bs4-row\">\n<section class=\"bs4-col-12 bs4-offset-lg-1 bs4-col-lg-10\">\n<div class=\"node-title\">\n<h1 data-start=\"437\" data-end=\"471\"><strong data-start=\"437\" data-end=\"471\">Pravno obvestilo<\/strong><\/h1>\n<p data-start=\"437\" data-end=\"471\" class=\"\"><strong data-start=\"437\" data-end=\"471\"><\/strong><\/p>\n<p data-start=\"437\" data-end=\"471\" class=\"\"><strong data-start=\"437\" data-end=\"471\">Zadnja posodobitev: 8. 5. 2025<\/strong><\/p>\n<h3 data-start=\"473\" data-end=\"519\" class=\"\">Avtorske pravice in intelektualna lastnina<\/h3>\n<p data-start=\"521\" data-end=\"781\" class=\"\">Vse vsebine in podobe, objavljene na spletnem naslovu <span style=\"text-decoration: underline;\"><span style=\"color: #000000; text-decoration: underline;\"><strong data-start=\"575\" data-end=\"603\"><a data-start=\"577\" data-end=\"601\" rel=\"noopener\" target=\"_new\" class=\"\" href=\"http:\/\/www.trsnica-vrhpolje.com\" style=\"color: #000000; text-decoration: underline;\">www.trsnica-vrhpolje.com<\/a><\/strong>,<\/span><\/span> so predmet avtorske za\u0161\u010dite ter drugih oblik za\u0161\u010dite intelektualne lastnine. Imetnik vseh avtorskih pravic je <strong data-start=\"715\" data-end=\"742\">Trsnica Vrhpolje z.o.o.<\/strong>, razen \u010de je izrecno navedeno druga\u010de.<\/p>\n<p data-start=\"783\" data-end=\"1093\" class=\"\">Reproduciranje, kopiranje, prena\u0161anje, objavljanje ali druga\u010dna uporaba vsebin je dovoljena izklju\u010dno v <strong data-start=\"887\" data-end=\"911\">nekomercialne namene<\/strong>, ob obvezni navedbi vira in ohranitvi vseh obvestil o avtorskih in drugih pravicah. Kakr\u0161nakoli uporaba vsebin v komercialne namene brez pisnega dovoljenja upravljavca ni dovoljena.<\/p>\n<h3 data-start=\"1095\" data-end=\"1120\" class=\"\">Omejitev odgovornosti<\/h3>\n<p data-start=\"1122\" data-end=\"1292\" class=\"\">Spletna stran je namenjena posredovanju splo\u0161nih informacij o podjetju Trsnica Vrhpolje z.o.o. in njeni ponudbi. Vsebine so informativne narave in niso pravno zavezujo\u010de.<\/p>\n<p data-start=\"1294\" data-end=\"1547\" class=\"\"><strong data-start=\"1294\" data-end=\"1321\">Trsnica Vrhpolje z.o.o.<\/strong> si prizadeva zagotavljati a\u017eurnost, to\u010dnost in pravilnost podatkov na spletni strani, vendar ne prevzema nobene odgovornosti za njihovo popolnost ali morebitne napake. Uporabniki vse vsebine uporabljajo na lastno odgovornost.<\/p>\n<p data-start=\"1549\" data-end=\"1769\" class=\"\">Upravljavec ne jam\u010di za neprekinjeno delovanje spletnega mesta, prav tako ne odgovarja za morebitno \u0161kodo, ki bi lahko nastala zaradi dostopa, uporabe ali nezmo\u017enosti uporabe spletne strani in tam objavljenih informacij.<\/p>\n<p data-start=\"1771\" data-end=\"1975\" class=\"\">Spletno mesto lahko vsebuje povezave do zunanjih spletnih strani, nad katerimi <strong data-start=\"1850\" data-end=\"1877\">Trsnica Vrhpolje z.o.o.<\/strong> nima nadzora in zato ne prevzema odgovornosti za njihovo vsebino ali morebitne posledice uporabe.<\/p>\n<p data-start=\"1977\" data-end=\"2146\" class=\"\">Upravljavec si pridr\u017euje pravico, da brez predhodnega obvestila kadar koli spremeni, dopolni ali odstrani vsebine spletnega mesta ali onemogo\u010di dostop do spletne strani.<\/p>\n<h3 data-start=\"2148\" data-end=\"2172\" class=\"\">Varovanje zasebnosti<\/h3>\n<p data-start=\"2174\" data-end=\"2436\" class=\"\"><strong data-start=\"2174\" data-end=\"2201\">Trsnica Vrhpolje z.o.o.<\/strong> se zavezuje k skrbnemu ravnanju z osebnimi podatki obiskovalcev spletne strani. Vse informacije se obdelujejo v skladu z veljavno zakonodajo, zlasti GDPR in ZVOP-2. Ve\u010d informacij o tem je na voljo v dokumentu <strong data-start=\"2412\" data-end=\"2435\">Politika zasebnosti<\/strong>.<\/p>\n<p data-start=\"2438\" data-end=\"2513\" class=\"\">Informacije o uporabi pi\u0161kotkov najdete v dokumentu <strong data-start=\"2490\" data-end=\"2512\">Politika pi\u0161kotkov<\/strong>.<\/p>\n<h3 data-start=\"2515\" data-end=\"2547\" class=\"\">Spremembe pravnega obvestila<\/h3>\n<p data-start=\"2549\" data-end=\"2715\" class=\"\">To pravno obvestilo se lahko kadar koli spremeni brez predhodnega obvestila. Uporabniki ste dol\u017eni redno preverjati vsebino in upo\u0161tevati trenutno veljavno razli\u010dico.<\/p>\n<p data-start=\"2717\" data-end=\"2858\" class=\"\">Z uporabo spletne strani <strong data-start=\"2742\" data-end=\"2770\"><a data-start=\"2744\" data-end=\"2768\" rel=\"noopener\" target=\"_new\" class=\"\" href=\"http:\/\/www.trsnica-vrhpolje.com\"><span style=\"color: #000000;\">www.trsnica-vrhpolje.com<\/span><\/a><\/strong> potrjujete, da ste prebrali, razumeli in se strinjate s pogoji tega pravnega obvestila.<\/p>\n<\/div>\n<\/section>\n<\/div>\n<\/div>\n<\/section>\n<p>[\/et_pb_text][\/et_pb_column][\/et_pb_row][\/et_pb_section]<\/p>\n","protected":false},"excerpt":{"rendered":"<p>Pravno obvestilo Zadnja posodobitev: 8. 5. 2025 Avtorske pravice in intelektualna lastnina Vse vsebine in podobe, objavljene na spletnem naslovu www.trsnica-vrhpolje.com, so predmet avtorske za\u0161\u010dite ter drugih oblik za\u0161\u010dite intelektualne lastnine. Imetnik vseh avtorskih pravic je Trsnica Vrhpolje z.o.o., razen \u010de je izrecno navedeno druga\u010de. Reproduciranje, kopiranje, prena\u0161anje, objavljanje ali druga\u010dna uporaba vsebin je dovoljena [&hellip;]<\/p>\n","protected":false},"author":1,"featured_media":0,"parent":0,"menu_order":0,"comment_status":"closed","ping_status":"closed","template":"","meta":{"_et_pb_use_builder":"on","_et_pb_old_content":"","_et_gb_content_width":"","footnotes":""},"dipi_cpt_category":[],"class_list":["post-524","page","type-page","status-publish","hentry"],"_links":{"self":[{"href":"https:\/\/trsnica-vrhpolje.com\/en\/wp-json\/wp\/v2\/pages\/524","targetHints":{"allow":["GET"]}}],"collection":[{"href":"https:\/\/trsnica-vrhpolje.com\/en\/wp-json\/wp\/v2\/pages"}],"about":[{"href":"https:\/\/trsnica-vrhpolje.com\/en\/wp-json\/wp\/v2\/types\/page"}],"author":[{"embeddable":true,"href":"https:\/\/trsnica-vrhpolje.com\/en\/wp-json\/wp\/v2\/users\/1"}],"replies":[{"embeddable":true,"href":"https:\/\/trsnica-vrhpolje.com\/en\/wp-json\/wp\/v2\/comments?post=524"}],"version-history":[{"count":4,"href":"https:\/\/trsnica-vrhpolje.com\/en\/wp-json\/wp\/v2\/pages\/524\/revisions"}],"predecessor-version":[{"id":601,"href":"https:\/\/trsnica-vrhpolje.com\/en\/wp-json\/wp\/v2\/pages\/524\/revisions\/601"}],"wp:attachment":[{"href":"https:\/\/trsnica-vrhpolje.com\/en\/wp-json\/wp\/v2\/media?parent=524"}],"wp:term":[{"taxonomy":"dipi_cpt_category","embeddable":true,"href":"https:\/\/trsnica-vrhpolje.com\/en\/wp-json\/wp\/v2\/dipi_cpt_category?post=524"}],"curies":[{"name":"wp","href":"https:\/\/api.w.org\/{rel}","templated":true}]}}