{"id":509,"date":"2025-01-23T14:49:37","date_gmt":"2025-01-23T14:49:37","guid":{"rendered":"https:\/\/trsnica-vrhpolje.com\/?page_id=509"},"modified":"2025-05-08T14:08:32","modified_gmt":"2025-05-08T14:08:32","slug":"piskotki","status":"publish","type":"page","link":"https:\/\/trsnica-vrhpolje.com\/en\/piskotki\/","title":{"rendered":"Cookies"},"content":{"rendered":"<p>[et_pb_section fb_built=&#8221;1&#8243; _builder_version=&#8221;4.27.4&#8243; _module_preset=&#8221;default&#8221; custom_margin=&#8221;100px||||false|false&#8221; global_colors_info=&#8221;{}&#8221;][et_pb_row _builder_version=&#8221;4.27.4&#8243; _module_preset=&#8221;default&#8221; global_colors_info=&#8221;{}&#8221;][et_pb_column type=&#8221;4_4&#8243; _builder_version=&#8221;4.27.4&#8243; _module_preset=&#8221;default&#8221; global_colors_info=&#8221;{}&#8221;][et_pb_text _builder_version=&#8221;4.27.4&#8243; _module_preset=&#8221;default&#8221; text_font=&#8221;Open Sans||||||||&#8221; header_font=&#8221;Open Sans|700|||||||&#8221; header_2_font=&#8221;Open Sans|700|||||||&#8221; hover_enabled=&#8221;0&#8243; global_colors_info=&#8221;{}&#8221; sticky_enabled=&#8221;0&#8243;]<\/p>\n<section class=\"bs4-col-12 bs4-offset-lg-1 bs4-col-lg-10\">\n<div class=\"node-title\">\n<h2 data-start=\"156\" data-end=\"179\" class=\"\">Politika pi\u0161kotkov<\/h2>\n<p data-start=\"180\" data-end=\"214\" class=\"\"><strong data-start=\"180\" data-end=\"214\">Zadnja posodobitev: 8. 5. 2025<\/strong><\/p>\n<p data-start=\"216\" data-end=\"416\" class=\"\">Spletna stran <strong data-start=\"230\" data-end=\"254\">trsnica-vrhpolje.com<\/strong> uporablja pi\u0161kotke za zagotavljanje osnovne funkcionalnosti ter, z va\u0161im soglasjem, tudi za analizo obiska z namenom izbolj\u0161anja vsebine in uporabni\u0161ke izku\u0161nje.<\/p>\n<p data-start=\"418\" data-end=\"609\" class=\"\">Pi\u0161kotki so majhne besedilne datoteke, ki jih spletna stran shrani v va\u0161em brskalniku. Nekateri pi\u0161kotki so nujno potrebni za delovanje strani, drugi pa se uporabljajo le, \u010de s tem sogla\u0161ate.<\/p>\n<h3 data-start=\"611\" data-end=\"650\" class=\"\">Vrste pi\u0161kotkov, ki jih uporabljamo<\/h3>\n<h4 data-start=\"652\" data-end=\"676\" class=\"\"><\/h4>\n<h4 data-start=\"652\" data-end=\"676\" class=\"\"><\/h4>\n<h4 data-start=\"652\" data-end=\"676\" class=\"\">1. Nujni pi\u0161kotki<\/h4>\n<p data-start=\"677\" data-end=\"804\" class=\"\">Ti pi\u0161kotki omogo\u010dajo osnovno delovanje spletnega mesta in so vedno omogo\u010deni. Brez njih spletna stran ne bi delovala pravilno.<\/p>\n<div class=\"_tableContainer_16hzy_1\">\n<div class=\"_tableWrapper_16hzy_14 group flex w-fit flex-col-reverse\" tabindex=\"-1\">\n<table data-start=\"806\" data-end=\"1074\" class=\"w-fit min-w-(--thread-content-width)\">\n<thead data-start=\"806\" data-end=\"841\">\n<tr data-start=\"806\" data-end=\"841\">\n<th data-start=\"806\" data-end=\"821\" data-col-size=\"sm\">Ime pi\u0161kotka<\/th>\n<th data-start=\"821\" data-end=\"832\" data-col-size=\"sm\">Trajanje<\/th>\n<th data-start=\"832\" data-end=\"841\" data-col-size=\"sm\">Namen<\/th>\n<\/tr>\n<\/thead>\n<tbody data-start=\"878\" data-end=\"1074\">\n<tr data-start=\"878\" data-end=\"926\">\n<td data-start=\"878\" data-end=\"888\" data-col-size=\"sm\">wp_lang<\/td>\n<td data-col-size=\"sm\" data-start=\"888\" data-end=\"895\">Seja<\/td>\n<td data-col-size=\"sm\" data-start=\"895\" data-end=\"926\">Shrani jezikovno nastavitev<\/td>\n<\/tr>\n<tr data-start=\"927\" data-end=\"990\">\n<td data-start=\"927\" data-end=\"951\" data-col-size=\"sm\">wordpress_test_cookie<\/td>\n<td data-col-size=\"sm\" data-start=\"951\" data-end=\"958\">Seja<\/td>\n<td data-col-size=\"sm\" data-start=\"958\" data-end=\"990\">Preverja delovanje pi\u0161kotkov<\/td>\n<\/tr>\n<tr data-start=\"991\" data-end=\"1074\">\n<td data-start=\"991\" data-end=\"1023\" data-col-size=\"sm\">et-editor-available-post[&#8230;]<\/td>\n<td data-col-size=\"sm\" data-start=\"1023\" data-end=\"1032\">1 leto<\/td>\n<td data-col-size=\"sm\" data-start=\"1032\" data-end=\"1074\">Omogo\u010da urejanje vsebin v sistemu Divi<\/td>\n<\/tr>\n<\/tbody>\n<\/table>\n<div class=\"sticky end-(--thread-content-margin) h-0 self-end select-none\">\n<div class=\"absolute end-0 flex items-end\"><\/div>\n<div class=\"absolute end-0 flex items-end\"><span class=\"\" data-state=\"closed\"><\/span><\/div>\n<\/div>\n<\/div>\n<\/div>\n<h4 data-start=\"1076\" data-end=\"1107\" class=\"\"><\/h4>\n<h4 data-start=\"1076\" data-end=\"1107\" class=\"\">2. Funkcionalni pi\u0161kotki<\/h4>\n<p data-start=\"1108\" data-end=\"1219\" class=\"\">Ti pi\u0161kotki si zapomnijo va\u0161e nastavitve, kot so barve ali pisave, da bo va\u0161a uporabni\u0161ka izku\u0161nja bolj enotna.<\/p>\n<div class=\"_tableContainer_16hzy_1\">\n<div class=\"_tableWrapper_16hzy_14 group flex w-fit flex-col-reverse\" tabindex=\"-1\">\n<table data-start=\"1221\" data-end=\"1448\" class=\"w-fit min-w-(--thread-content-width)\">\n<thead data-start=\"1221\" data-end=\"1256\">\n<tr data-start=\"1221\" data-end=\"1256\">\n<th data-start=\"1221\" data-end=\"1236\" data-col-size=\"sm\">Ime pi\u0161kotka<\/th>\n<th data-start=\"1236\" data-end=\"1247\" data-col-size=\"sm\">Trajanje<\/th>\n<th data-start=\"1247\" data-end=\"1256\" data-col-size=\"sm\">Namen<\/th>\n<\/tr>\n<\/thead>\n<tbody data-start=\"1294\" data-end=\"1448\">\n<tr data-start=\"1294\" data-end=\"1366\">\n<td data-start=\"1294\" data-end=\"1322\" data-col-size=\"sm\">et-pb-recent-items-colors<\/td>\n<td data-col-size=\"sm\" data-start=\"1322\" data-end=\"1331\">1 leto<\/td>\n<td data-col-size=\"sm\" data-start=\"1331\" data-end=\"1366\">Shrani zadnje uporabljene barve<\/td>\n<\/tr>\n<tr data-start=\"1367\" data-end=\"1448\">\n<td data-start=\"1367\" data-end=\"1400\" data-col-size=\"sm\">et-pb-recent-items-font_family<\/td>\n<td data-col-size=\"sm\" data-start=\"1400\" data-end=\"1412\">6 mesecev<\/td>\n<td data-col-size=\"sm\" data-start=\"1412\" data-end=\"1448\">Shrani zadnjo uporabljeno pisavo<\/td>\n<\/tr>\n<\/tbody>\n<\/table>\n<div class=\"sticky end-(--thread-content-margin) h-0 self-end select-none\">\n<div class=\"absolute end-0 flex items-end\"><\/div>\n<\/div>\n<\/div>\n<\/div>\n<h4 data-start=\"1450\" data-end=\"1479\" class=\"\">3. Analiti\u010dni pi\u0161kotki<\/h4>\n<p data-start=\"1480\" data-end=\"1612\" class=\"\">Analiti\u010dni pi\u0161kotki se uporabljajo za zbiranje statisti\u010dnih podatkov o uporabi spletne strani. Aktivirajo se samo z va\u0161im soglasjem.<\/p>\n<div class=\"_tableContainer_16hzy_1\">\n<div class=\"_tableWrapper_16hzy_14 group flex w-fit flex-col-reverse\" tabindex=\"-1\">\n<table data-start=\"1614\" data-end=\"1821\" class=\"w-fit min-w-(--thread-content-width)\">\n<thead data-start=\"1614\" data-end=\"1649\">\n<tr data-start=\"1614\" data-end=\"1649\">\n<th data-start=\"1614\" data-end=\"1629\" data-col-size=\"sm\">Ime pi\u0161kotka<\/th>\n<th data-start=\"1629\" data-end=\"1640\" data-col-size=\"sm\">Trajanje<\/th>\n<th data-start=\"1640\" data-end=\"1649\" data-col-size=\"md\">Namen<\/th>\n<\/tr>\n<\/thead>\n<tbody data-start=\"1687\" data-end=\"1821\">\n<tr data-start=\"1687\" data-end=\"1756\">\n<td data-start=\"1687\" data-end=\"1702\" data-col-size=\"sm\">_ga (Google)<\/td>\n<td data-col-size=\"sm\" data-start=\"1702\" data-end=\"1711\">1 leto<\/td>\n<td data-col-size=\"md\" data-start=\"1711\" data-end=\"1756\">Statistika ogledov strani (anonimizirano)<\/td>\n<\/tr>\n<tr data-start=\"1757\" data-end=\"1821\">\n<td data-start=\"1757\" data-end=\"1772\" data-col-size=\"sm\">_gs (Google)<\/td>\n<td data-col-size=\"sm\" data-start=\"1772\" data-end=\"1781\">1 leto<\/td>\n<td data-col-size=\"md\" data-start=\"1781\" data-end=\"1821\">Identifikacija brskalnika uporabnika<\/td>\n<\/tr>\n<\/tbody>\n<\/table>\n<div class=\"sticky end-(--thread-content-margin) h-0 self-end select-none\">\n<div class=\"absolute end-0 flex items-end\"><\/div>\n<\/div>\n<\/div>\n<\/div>\n<h3 data-start=\"1823\" data-end=\"1860\" class=\"\">Uporaba storitve Google Analytics<\/h3>\n<p data-start=\"1862\" data-end=\"2222\" class=\"\">Spletna stran uporablja storitev <strong data-start=\"1895\" data-end=\"1915\">Google Analytics<\/strong>, ki jo zagotavlja Google LLC (1600 Amphitheatre Parkway, Mountain View, CA 94043, ZDA), za spremljanje obiska in analizo uporabe strani. Za za\u0161\u010dito zasebnosti je omogo\u010dena funkcija <strong data-start=\"2097\" data-end=\"2125\">anonimizacije IP-naslova<\/strong>, kar pomeni, da se va\u0161 IP-naslov skraj\u0161a pred obdelavo in ne omogo\u010da identifikacije posameznika.<\/p>\n<p data-start=\"2224\" data-end=\"2439\" class=\"\">\u010ce \u017eelite prepre\u010diti uporabo storitve Google Analytics, lahko prenesete in namestite vti\u010dnik za brskalnik, ki je na voljo tukaj:<br data-start=\"2352\" data-end=\"2355\" \/><strong><span style=\"color: #000000;\"><a data-start=\"2355\" data-end=\"2439\" rel=\"noopener\" target=\"_new\" class=\"\" href=\"https:\/\/tools.google.com\/dlpage\/gaoptout\" style=\"color: #000000;\">https:\/\/tools.google.com\/dlpage\/gaoptout<\/a><\/span><\/strong><\/p>\n<p data-start=\"2441\" data-end=\"2557\" class=\"\">Ve\u010d o uporabi podatkov s strani Googla:<br data-start=\"2480\" data-end=\"2483\" \/><span style=\"color: #000000;\"><strong><a data-start=\"2483\" data-end=\"2557\" rel=\"noopener\" target=\"_new\" class=\"\" href=\"https:\/\/policies.google.com\/privacy\" style=\"color: #000000;\">https:\/\/policies.google.com\/privacy<\/a><\/strong><\/span><\/p>\n<h3 data-start=\"2559\" data-end=\"2584\" class=\"\"><\/h3>\n<h3 data-start=\"2559\" data-end=\"2584\" class=\"\">Upravljanje pi\u0161kotkov<\/h3>\n<p data-start=\"2586\" data-end=\"2653\" class=\"\">Ob va\u0161em prvem obisku se prika\u017ee obvestilo o pi\u0161kotkih, kjer lahko:<\/p>\n<p data-start=\"2655\" data-end=\"2751\" class=\"\">sprejmete vse pi\u0161kotke,<br data-start=\"2678\" data-end=\"2681\" \/>zavrnete ne-nujne pi\u0161kotke,<br data-start=\"2708\" data-end=\"2711\" \/>prilagodite nastavitve po kategorijah.<\/p>\n<p data-start=\"2753\" data-end=\"2868\" class=\"\">Nastavitve pi\u0161kotkov lahko kadar koli pozneje spremenite s klikom na povezavo \u00bbNastavitve pi\u0161kotkov\u00ab na dnu strani.<\/p>\n<p data-start=\"2870\" data-end=\"3017\" class=\"\">Pi\u0161kotke lahko upravljate tudi v svojem spletnem brskalniku. Navodila so na voljo na strani:<br data-start=\"2962\" data-end=\"2965\" \/><strong><span style=\"color: #000000;\"><a data-start=\"2965\" data-end=\"3017\" rel=\"noopener\" target=\"_new\" class=\"\" href=\"https:\/\/www.aboutcookies.org\" style=\"color: #000000;\">www.aboutcookies.org<\/a><\/span><\/strong><\/p>\n<h3 data-start=\"3019\" data-end=\"3030\" class=\"\">Kontakt<\/h3>\n<p data-start=\"3032\" data-end=\"3148\" class=\"\">Za vpra\u0161anja glede pi\u0161kotkov ali obdelave osebnih podatkov nas lahko kontaktirate na:<br data-start=\"3117\" data-end=\"3120\" \/><span style=\"color: #000000;\"><strong data-start=\"3120\" data-end=\"3148\"><a data-start=\"3122\" data-end=\"3146\" class=\"cursor-pointer\" rel=\"noopener\" style=\"color: #000000;\">trsnicavrhpolje@siol.net<\/a><\/strong><\/span><\/p>\n<\/div>\n<\/section>\n<p>[\/et_pb_text][\/et_pb_column][\/et_pb_row][\/et_pb_section]<\/p>\n","protected":false},"excerpt":{"rendered":"<p>Politika pi\u0161kotkov Zadnja posodobitev: 8. 5. 2025 Spletna stran trsnica-vrhpolje.com uporablja pi\u0161kotke za zagotavljanje osnovne funkcionalnosti ter, z va\u0161im soglasjem, tudi za analizo obiska z namenom izbolj\u0161anja vsebine in uporabni\u0161ke izku\u0161nje. Pi\u0161kotki so majhne besedilne datoteke, ki jih spletna stran shrani v va\u0161em brskalniku. Nekateri pi\u0161kotki so nujno potrebni za delovanje strani, drugi pa se [&hellip;]<\/p>\n","protected":false},"author":1,"featured_media":0,"parent":0,"menu_order":0,"comment_status":"closed","ping_status":"closed","template":"","meta":{"_et_pb_use_builder":"on","_et_pb_old_content":"","_et_gb_content_width":"","footnotes":""},"dipi_cpt_category":[],"class_list":["post-509","page","type-page","status-publish","hentry"],"_links":{"self":[{"href":"https:\/\/trsnica-vrhpolje.com\/en\/wp-json\/wp\/v2\/pages\/509","targetHints":{"allow":["GET"]}}],"collection":[{"href":"https:\/\/trsnica-vrhpolje.com\/en\/wp-json\/wp\/v2\/pages"}],"about":[{"href":"https:\/\/trsnica-vrhpolje.com\/en\/wp-json\/wp\/v2\/types\/page"}],"author":[{"embeddable":true,"href":"https:\/\/trsnica-vrhpolje.com\/en\/wp-json\/wp\/v2\/users\/1"}],"replies":[{"embeddable":true,"href":"https:\/\/trsnica-vrhpolje.com\/en\/wp-json\/wp\/v2\/comments?post=509"}],"version-history":[{"count":8,"href":"https:\/\/trsnica-vrhpolje.com\/en\/wp-json\/wp\/v2\/pages\/509\/revisions"}],"predecessor-version":[{"id":600,"href":"https:\/\/trsnica-vrhpolje.com\/en\/wp-json\/wp\/v2\/pages\/509\/revisions\/600"}],"wp:attachment":[{"href":"https:\/\/trsnica-vrhpolje.com\/en\/wp-json\/wp\/v2\/media?parent=509"}],"wp:term":[{"taxonomy":"dipi_cpt_category","embeddable":true,"href":"https:\/\/trsnica-vrhpolje.com\/en\/wp-json\/wp\/v2\/dipi_cpt_category?post=509"}],"curies":[{"name":"wp","href":"https:\/\/api.w.org\/{rel}","templated":true}]}}