{"id":24,"date":"2025-01-06T12:00:05","date_gmt":"2025-01-06T12:00:05","guid":{"rendered":"https:\/\/trsnica-vrhpolje.com\/?page_id=24"},"modified":"2026-04-21T13:52:42","modified_gmt":"2026-04-21T13:52:42","slug":"maticni-vinogradi","status":"publish","type":"page","link":"https:\/\/trsnica-vrhpolje.com\/en\/maticni-vinogradi\/","title":{"rendered":"Base vineyard"},"content":{"rendered":"<p>[et_pb_section fb_built=&#8221;1&#8243; admin_label=&#8221;Hero&#8221; _builder_version=&#8221;4.27.4&#8243; _module_preset=&#8221;default&#8221; use_background_color_gradient=&#8221;on&#8221; background_color_gradient_type=&#8221;circular&#8221; background_color_gradient_direction_radial=&#8221;top right&#8221; background_color_gradient_stops=&#8221;rgba(35,22,0,0.81) 9%|rgba(33,25,21,0) 100%&#8221; background_color_gradient_overlays_image=&#8221;on&#8221; background_color_gradient_start=&#8221;#210b00&#8243; background_color_gradient_start_position=&#8221;10%&#8221; background_color_gradient_end=&#8221;rgba(33,25,21,0)&#8221; background_image=&#8221;https:\/\/trsnica-vrhpolje.com\/wp-content\/uploads\/2025\/01\/Naslovnica-maticni-vinogradi-1-1-2.jpg&#8221; custom_padding=&#8221;80px|0|0||false|false&#8221; global_colors_info=&#8221;{}&#8221;][et_pb_row column_structure=&#8221;2_3,1_3&#8243; use_custom_gutter=&#8221;on&#8221; gutter_width=&#8221;1&#8243; make_equal=&#8221;on&#8221; padding_top_bottom_link_2=&#8221;true&#8221; padding_left_right_link_2=&#8221;true&#8221; _builder_version=&#8221;4.27.4&#8243; _module_preset=&#8221;default&#8221; custom_margin=&#8221;|||&#8221; custom_padding=&#8221;27px|0px|0|0px|false|false&#8221; global_colors_info=&#8221;{}&#8221;][et_pb_column type=&#8221;2_3&#8243; _builder_version=&#8221;4.16&#8243; _module_preset=&#8221;default&#8221; custom_padding=&#8221;|4%|80px|&#8221; custom_padding_tablet=&#8221;||40px|&#8221; custom_padding_phone=&#8221;||40px|&#8221; custom_padding_last_edited=&#8221;on|tablet&#8221; global_colors_info=&#8221;{}&#8221; padding_tablet=&#8221;||40px|&#8221; padding_last_edited=&#8221;on|tablet&#8221; custom_padding__hover=&#8221;|||&#8221; padding_phone=&#8221;||40px|&#8221;][et_pb_text _builder_version=&#8221;4.24.2&#8243; _module_preset=&#8221;default&#8221; text_font=&#8221;Open Sans||||||||&#8221; text_font_size=&#8221;20px&#8221; text_line_height=&#8221;2em&#8221; header_font=&#8221;|800||on|||||&#8221; header_font_size=&#8221;68px&#8221; header_line_height=&#8221;1.4em&#8221; background_layout=&#8221;dark&#8221; max_width=&#8221;700px&#8221; text_font_size_tablet=&#8221;&#8221; text_font_size_phone=&#8221;16px&#8221; text_font_size_last_edited=&#8221;on|phone&#8221; header_font_size_tablet=&#8221;44px&#8221; header_font_size_phone=&#8221;30px&#8221; header_font_size_last_edited=&#8221;on|desktop&#8221; header_line_height_tablet=&#8221;1.4em&#8221; header_line_height_phone=&#8221;1.4em&#8221; header_line_height_last_edited=&#8221;on|desktop&#8221; global_colors_info=&#8221;{}&#8221;]<\/p>\n<h1>Mati\u010dni vinogradi<\/h1>\n<p>[\/et_pb_text][\/et_pb_column][et_pb_column type=&#8221;1_3&#8243; _builder_version=&#8221;4.24.2&#8243; _module_preset=&#8221;default&#8221; background_color=&#8221;#7b9912&#8243; custom_padding=&#8221;40px|40px|40px|40px&#8221; border_radii=&#8221;off|15px|15px||&#8221; global_colors_info=&#8221;{}&#8221; padding_tablet=&#8221;0px|||&#8221; padding_last_edited=&#8221;off|desktop&#8221; custom_padding__hover=&#8221;|||&#8221;][et_pb_blurb title=&#8221; 5 ha lastnih mati\u010dnih vinogradov&#8221; use_icon=&#8221;on&#8221; font_icon=&#8221;&#xe052;||divi||400&#8243; icon_placement=&#8221;left&#8221; content_max_width=&#8221;1100px&#8221; _builder_version=&#8221;4.24.2&#8243; _module_preset=&#8221;default&#8221; header_font=&#8221;Open Sans|600|||||||&#8221; header_font_size=&#8221;16px&#8221; header_line_height=&#8221;1.8em&#8221; background_layout=&#8221;dark&#8221; custom_margin=&#8221;||30px|&#8221; locked=&#8221;off&#8221; global_colors_info=&#8221;{}&#8221;][\/et_pb_blurb][et_pb_blurb title=&#8221;20 razli\u010dnih sort in klonov&#8221; use_icon=&#8221;on&#8221; font_icon=&#8221;&#xe052;||divi||400&#8243; icon_placement=&#8221;left&#8221; content_max_width=&#8221;1100px&#8221; _builder_version=&#8221;4.24.2&#8243; _module_preset=&#8221;default&#8221; header_font=&#8221;Open Sans|600|||||||&#8221; header_font_size=&#8221;16px&#8221; header_line_height=&#8221;1.8em&#8221; background_layout=&#8221;dark&#8221; custom_margin=&#8221;||30px|&#8221; locked=&#8221;off&#8221; global_colors_info=&#8221;{}&#8221;][\/et_pb_blurb][et_pb_blurb title=&#8221;Kakovost nadzorujemo z rednimi pregledi in sodelovanjem z in\u0161tituti.&#8221; use_icon=&#8221;on&#8221; font_icon=&#8221;&#xe052;||divi||400&#8243; icon_placement=&#8221;left&#8221; content_max_width=&#8221;1100px&#8221; _builder_version=&#8221;4.24.2&#8243; _module_preset=&#8221;default&#8221; header_font=&#8221;Open Sans|600|||||||&#8221; header_font_size=&#8221;16px&#8221; header_line_height=&#8221;1.8em&#8221; background_layout=&#8221;dark&#8221; custom_margin=&#8221;||30px|&#8221; locked=&#8221;off&#8221; global_colors_info=&#8221;{}&#8221;][\/et_pb_blurb][\/et_pb_column][\/et_pb_row][\/et_pb_section][et_pb_section fb_built=&#8221;1&#8243; admin_label=&#8221;Services Header&#8221; _builder_version=&#8221;4.16&#8243; _module_preset=&#8221;default&#8221; custom_padding=&#8221;0|0px|54px|0px|false|false&#8221; locked=&#8221;off&#8221; global_colors_info=&#8221;{}&#8221;][et_pb_row column_structure=&#8221;1_2,1_2&#8243; _builder_version=&#8221;4.16&#8243; _module_preset=&#8221;default&#8221; custom_padding=&#8221;100px|||||&#8221; global_colors_info=&#8221;{}&#8221;][et_pb_column type=&#8221;1_2&#8243; _builder_version=&#8221;4.16&#8243; _module_preset=&#8221;default&#8221; custom_padding=&#8221;|||&#8221; global_colors_info=&#8221;{}&#8221; custom_padding__hover=&#8221;|||&#8221;][et_pb_text _builder_version=&#8221;4.24.2&#8243; _module_preset=&#8221;default&#8221; text_font=&#8221;Open Sans||||||||&#8221; text_font_size=&#8221;16px&#8221; text_line_height=&#8221;1.8em&#8221; header_font=&#8221;||||||||&#8221; header_3_font=&#8221;|800|||||||&#8221; header_3_text_color=&#8221;#f25b3a&#8221; header_3_font_size=&#8221;24px&#8221; header_3_line_height=&#8221;1.8em&#8221; header_3_font_size_tablet=&#8221;&#8221; header_3_font_size_phone=&#8221;18px&#8221; header_3_font_size_last_edited=&#8221;on|phone&#8221; locked=&#8221;off&#8221; global_colors_info=&#8221;{}&#8221;]<\/p>\n<p style=\"text-align: justify;\"><strong>Mati\u010dni vinograd<\/strong> je poseben vinograd, ki ni posajen v prvi vrsti za pridelavo grozdja, pa\u010d pa je to stranski proizvod, glavni pridelek je namre\u010d <strong>les, oziroma cepi\u010di<\/strong>, ki jih uporabljamo za cepljenje. Trte, ki so posajene v mati\u010dnem vinogradu spadajo v kategorijo <strong>\u00bbbaza\u00ab<\/strong>, posebej pridelan material namenjen za nadaljnje razmno\u017eevanje.<\/p>\n<p style=\"text-align: justify;\">V Trsnici Vrhpolje imamo pribli\u017eno 5 ha mati\u010dnih vinogradov v katerih so posajeni <strong>slovenski in tuji kloni sort vinske trte.<\/strong><\/p>\n<p style=\"text-align: justify;\">Sami tako pridelamo cepi\u010de: Merlot cl. 519 in cl. 349, Cabernet sauvignon cl. 685 in cl.15, Chardonnay cl. 76 in cl. 96, Sauvignon cl. 160, cl. A17-1 in cl. E226, Syrah cl. 524, Marselan cl. 980, Modri pinot cl. 459, Zelen cl. SI-26, Pinela cl. SI-28, Malvazija cl. SI-37, Refo\u0161k cl. SI-35, Rebula cl. SI-33, cl. SI-32, La\u0161ki rizling cl. A 3-2 in cl. A3-3, poleg na\u0161tetega imamo \u0161e mati\u010dne vinograde Rumenega mu\u0161kata, Vitovske Grganje in namiznih sort. Cepi\u010de ostalih sort in klonov, katerih cepljenke imamo v na\u0161i ponudbi kupimo od pridelovalcev doma in v tujini.<\/p>\n<p>[\/et_pb_text][\/et_pb_column][et_pb_column type=&#8221;1_2&#8243; _builder_version=&#8221;4.16&#8243; _module_preset=&#8221;default&#8221; custom_padding=&#8221;|||&#8221; global_colors_info=&#8221;{}&#8221; custom_padding__hover=&#8221;|||&#8221;][et_pb_image src=&#8221;https:\/\/trsnica-vrhpolje.com\/wp-content\/uploads\/2025\/01\/Marselan.jpg&#8221; title_text=&#8221;Marselan&#8221; _builder_version=&#8221;4.27.4&#8243; _module_preset=&#8221;default&#8221; border_radii=&#8221;on|15px|15px|15px|15px&#8221; global_colors_info=&#8221;{}&#8221;][\/et_pb_image][\/et_pb_column][\/et_pb_row][\/et_pb_section][et_pb_section fb_built=&#8221;1&#8243; admin_label=&#8221;Services&#8221; _builder_version=&#8221;4.16&#8243; _module_preset=&#8221;default&#8221; custom_padding=&#8221;0|0|54px|0px|false|false&#8221; global_colors_info=&#8221;{}&#8221;][et_pb_row _builder_version=&#8221;4.27.4&#8243; _module_preset=&#8221;default&#8221; use_background_color_gradient=&#8221;on&#8221; background_color_gradient_stops=&#8221;rgba(0,0,0,0.5) 0%|rgba(20,22,4,0.09) 100%&#8221; background_color_gradient_overlays_image=&#8221;on&#8221; background_image=&#8221;https:\/\/trsnica-vrhpolje.com\/wp-content\/uploads\/2025\/01\/Pest-and-Disease_1900.jpg&#8221; custom_padding=&#8221;100px|100px|80px|100px|false|false&#8221; hover_enabled=&#8221;0&#8243; border_radii=&#8221;on|15px|15px|15px|15px&#8221; global_colors_info=&#8221;{}&#8221; custom_padding_last_edited=&#8221;on|phone&#8221; sticky_enabled=&#8221;0&#8243; custom_padding_phone=&#8221;|20px||20px|false|false&#8221; custom_padding_tablet=&#8221;100px|100px|80px|100px|false|false&#8221;][et_pb_column type=&#8221;4_4&#8243; _builder_version=&#8221;4.27.4&#8243; _module_preset=&#8221;default&#8221; global_colors_info=&#8221;{}&#8221;][et_pb_heading title=&#8221;Cepljenke&#8221; url=&#8221;https:\/\/trsnica-vrhpolje.com\/cepljenke\/&#8221; _builder_version=&#8221;4.27.4&#8243; _module_preset=&#8221;default&#8221; title_font=&#8221;Open Sans|800|||||||&#8221; title_text_align=&#8221;center&#8221; title_text_color=&#8221;#FFFFFF&#8221; title_font_size=&#8221;48px&#8221; global_colors_info=&#8221;{}&#8221;][\/et_pb_heading][et_pb_text _builder_version=&#8221;4.27.4&#8243; _module_preset=&#8221;default&#8221; text_font=&#8221;Open Sans|600|||||||&#8221; text_text_color=&#8221;#FFFFFF&#8221; text_font_size=&#8221;18px&#8221; text_line_height=&#8221;1.8em&#8221; global_colors_info=&#8221;{}&#8221;]<\/p>\n<p style=\"text-align: center;\">Vsak vinogradnik si \u017eeli, da bi njegov vinograd, v katerega vlo\u017ei ogromno truda in tudi finan\u010dnih sredstev, \u017eivel in bogato rodil \u010dim dlje. Eden od pogojev za dolgo\u017eivost in zdravje vinograda ter pridelkov je vsekakor zdrava trsna cepljenka.<\/p>\n<p>[\/et_pb_text][et_pb_button button_url=&#8221;https:\/\/trsnica-vrhpolje.com\/cepljenke\/&#8221; button_text=&#8221;PRIKA\u017dI VSE SORTE&#8221; button_alignment=&#8221;center&#8221; _builder_version=&#8221;4.27.4&#8243; _module_preset=&#8221;default&#8221; custom_button=&#8221;on&#8221; button_text_size=&#8221;14px&#8221; button_bg_color=&#8221;gcid-a1dc7a68-c000-4e3b-8593-c66d5e55c536&#8243; button_border_width=&#8221;0px&#8221; button_border_radius=&#8221;30px&#8221; button_letter_spacing=&#8221;1px&#8221; button_font=&#8221;|&#8211;et_global_body_font_weight|||||||&#8221; custom_padding=&#8221;12px|28px|12px|28px|true|true&#8221; locked=&#8221;off&#8221; global_colors_info=&#8221;{%22gcid-a1dc7a68-c000-4e3b-8593-c66d5e55c536%22:%91%22button_bg_color%22%93}&#8221;][\/et_pb_button][\/et_pb_column][\/et_pb_row][\/et_pb_section][et_pb_section fb_built=&#8221;1&#8243; fullwidth=&#8221;on&#8221; _builder_version=&#8221;4.27.4&#8243; _module_preset=&#8221;default&#8221; background_color=&#8221;#FFFFFF&#8221; animation_style=&#8221;fade&#8221; locked=&#8221;off&#8221; global_colors_info=&#8221;{}&#8221;][et_pb_fullwidth_image src=&#8221;https:\/\/trsnica-vrhpolje.com\/wp-content\/uploads\/2025\/01\/trsi-iklustracijaa-01_svtlo-zeleni.png&#8221; title_text=&#8221;knp&#8221; _builder_version=&#8221;4.27.4&#8243; _module_preset=&#8221;default&#8221; animation_style=&#8221;fade&#8221; hover_enabled=&#8221;0&#8243; global_colors_info=&#8221;{}&#8221; src_last_edited=&#8221;on|phone&#8221; sticky_enabled=&#8221;0&#8243; src_phone=&#8221;https:\/\/trsnica-vrhpolje.com\/wp-content\/uploads\/2026\/04\/knp.webp&#8221; src_tablet=&#8221;https:\/\/trsnica-vrhpolje.com\/wp-content\/uploads\/2025\/01\/trsi-iklustracijaa-01_svtlo-zeleni.png&#8221;][\/et_pb_fullwidth_image][\/et_pb_section][et_pb_section fb_built=&#8221;1&#8243; admin_label=&#8221;Contact Banner&#8221; _builder_version=&#8221;4.27.4&#8243; _module_preset=&#8221;default&#8221; background_color=&#8221;#7b9912&#8243; custom_padding=&#8221;20px|0px|20px|0px|true|false&#8221; animation_direction=&#8221;bottom&#8221; locked=&#8221;off&#8221; global_colors_info=&#8221;{}&#8221;][et_pb_row _builder_version=&#8221;4.24.2&#8243; _module_preset=&#8221;default&#8221; custom_margin=&#8221;25px|auto|17px|auto||&#8221; global_colors_info=&#8221;{}&#8221;][et_pb_column type=&#8221;4_4&#8243; _builder_version=&#8221;4.16&#8243; _module_preset=&#8221;default&#8221; custom_padding=&#8221;|||&#8221; global_colors_info=&#8221;{}&#8221; custom_padding__hover=&#8221;|||&#8221;][et_pb_text _builder_version=&#8221;4.24.2&#8243; _module_preset=&#8221;default&#8221; text_font=&#8221;Open Sans|300|on||||||&#8221; text_font_size=&#8221;25px&#8221; text_line_height=&#8221;1.8em&#8221; quote_font=&#8221;||||||||&#8221; header_font=&#8221;||||||||&#8221; header_2_font=&#8221;|800|||||||&#8221; header_2_font_size=&#8221;24px&#8221; header_2_line_height=&#8221;1.8em&#8221; header_3_font=&#8221;||||||||&#8221; header_4_font=&#8221;|800||on|||||&#8221; header_4_font_size=&#8221;16px&#8221; header_4_letter_spacing=&#8221;0.5px&#8221; header_4_line_height=&#8221;1.7em&#8221; background_layout=&#8221;dark&#8221; custom_padding=&#8221;|||&#8221; header_2_font_size_tablet=&#8221;&#8221; header_2_font_size_phone=&#8221;18px&#8221; header_2_font_size_last_edited=&#8221;on|phone&#8221; locked=&#8221;off&#8221; global_colors_info=&#8221;{}&#8221;]<\/p>\n<p style=\"text-align: center;\"><em>&#8221; Vedno smo vam pripravljeni svetovati o izboru najbolj\u0161e kombinacije sorte in podlage glede na va\u0161e zemlji\u0161\u010de in klimatske pogoje.&#8221;<\/em><\/p>\n<p>[\/et_pb_text][\/et_pb_column][\/et_pb_row][\/et_pb_section]<\/p>\n","protected":false},"excerpt":{"rendered":"<p>Mati\u010dni vinogradiMati\u010dni vinograd je poseben vinograd, ki ni posajen v prvi vrsti za pridelavo grozdja, pa\u010d pa je to stranski proizvod, glavni pridelek je namre\u010d les, oziroma cepi\u010di, ki jih uporabljamo za cepljenje. Trte, ki so posajene v mati\u010dnem vinogradu spadajo v kategorijo \u00bbbaza\u00ab, posebej pridelan material namenjen za nadaljnje razmno\u017eevanje. V Trsnici Vrhpolje imamo [&hellip;]<\/p>\n","protected":false},"author":1,"featured_media":0,"parent":0,"menu_order":0,"comment_status":"closed","ping_status":"closed","template":"","meta":{"_et_pb_use_builder":"on","_et_pb_old_content":"","_et_gb_content_width":"","footnotes":""},"dipi_cpt_category":[],"class_list":["post-24","page","type-page","status-publish","hentry"],"_links":{"self":[{"href":"https:\/\/trsnica-vrhpolje.com\/en\/wp-json\/wp\/v2\/pages\/24","targetHints":{"allow":["GET"]}}],"collection":[{"href":"https:\/\/trsnica-vrhpolje.com\/en\/wp-json\/wp\/v2\/pages"}],"about":[{"href":"https:\/\/trsnica-vrhpolje.com\/en\/wp-json\/wp\/v2\/types\/page"}],"author":[{"embeddable":true,"href":"https:\/\/trsnica-vrhpolje.com\/en\/wp-json\/wp\/v2\/users\/1"}],"replies":[{"embeddable":true,"href":"https:\/\/trsnica-vrhpolje.com\/en\/wp-json\/wp\/v2\/comments?post=24"}],"version-history":[{"count":12,"href":"https:\/\/trsnica-vrhpolje.com\/en\/wp-json\/wp\/v2\/pages\/24\/revisions"}],"predecessor-version":[{"id":683,"href":"https:\/\/trsnica-vrhpolje.com\/en\/wp-json\/wp\/v2\/pages\/24\/revisions\/683"}],"wp:attachment":[{"href":"https:\/\/trsnica-vrhpolje.com\/en\/wp-json\/wp\/v2\/media?parent=24"}],"wp:term":[{"taxonomy":"dipi_cpt_category","embeddable":true,"href":"https:\/\/trsnica-vrhpolje.com\/en\/wp-json\/wp\/v2\/dipi_cpt_category?post=24"}],"curies":[{"name":"wp","href":"https:\/\/api.w.org\/{rel}","templated":true}]}}